{"id":11,"date":"2020-01-09T04:23:02","date_gmt":"2020-01-09T04:23:02","guid":{"rendered":"https:\/\/themify.me\/demo\/themes\/ultra-yoga\/?page_id=5"},"modified":"2023-12-01T16:47:06","modified_gmt":"2023-12-01T15:47:06","slug":"home","status":"publish","type":"page","link":"https:\/\/rootz-gartenbau.at\/","title":{"rendered":"Home"},"content":{"rendered":"<!-- wp:themify-builder\/canvas \/--><!--themify_builder_static--><h1>Erlebe deinen Traumgarten<\/h1>\n<h3>Ma\u00dfgeschneidert aus professioneller Hand<\/h3>\n<img loading=\"lazy\" decoding=\"async\" src=\"https:\/\/rootz-gartenbau.at\/wp-content\/uploads\/2023\/11\/Design-ohne-Titel-6-600x680.jpg\" width=\"600\" height=\"680\" title=\"Design ohne Titel (6)\" alt=\"Design ohne Titel (6)\" srcset=\"https:\/\/rootz-gartenbau.at\/wp-content\/uploads\/2023\/11\/Design-ohne-Titel-6-600x680.jpg 600w, https:\/\/rootz-gartenbau.at\/wp-content\/uploads\/2023\/11\/Design-ohne-Titel-6-265x300.jpg 265w, https:\/\/rootz-gartenbau.at\/wp-content\/uploads\/2023\/11\/Design-ohne-Titel-6.jpg 750w\" sizes=\"auto, (max-width: 600px) 100vw, 600px\" \/>\n\n<p>Du m\u00f6chtest deinen Garten in ein gr\u00fcnes Paradies verwandeln? Wir von rootz Gartenbau sind Experten in der Gestaltung einzigartiger G\u00e4rten, die deine Vorstellungen perfekt widerspiegeln.<\/p> <p><strong>Warum wir?<\/strong><\/p> <p>Mit Jahrzehnten an Erfahrung in der Gr\u00fcnanlagengestaltung sind wir die idealen Partner, um selbst die au\u00dfergew\u00f6hnlichsten Ideen Wirklichkeit werden zu lassen. Unser Team aus Fachleuten liebt es, kreative L\u00f6sungen zu entwickeln, die deinen Garten zu einem wahren Kunstwerk machen.<\/p>\n<img loading=\"lazy\" decoding=\"async\" src=\"https:\/\/rootz-gartenbau.at\/wp-content\/uploads\/2023\/11\/neugestaltung-360x270.jpg\" width=\"360\" height=\"270\" title=\"Ma\u00dfgeschneiderte Neugestaltung\" alt=\"Egal, ob du einen kleinen Garten oder eine gro\u00dffl\u00e4chige Gr\u00fcnanlage hast, wir gestalten sie nach deinen individuellen Ideen.\" srcset=\"https:\/\/rootz-gartenbau.at\/wp-content\/uploads\/2023\/11\/neugestaltung-360x270.jpg 360w, https:\/\/rootz-gartenbau.at\/wp-content\/uploads\/2023\/11\/neugestaltung-300x225.jpg 300w, https:\/\/rootz-gartenbau.at\/wp-content\/uploads\/2023\/11\/neugestaltung.jpg 400w\" sizes=\"auto, (max-width: 360px) 100vw, 360px\" \/> <h3> Ma\u00dfgeschneiderte Neugestaltung <\/h3> Egal, ob du einen kleinen Garten oder eine gro\u00dffl\u00e4chige Gr\u00fcnanlage hast, wir gestalten sie nach deinen individuellen Ideen.\n<a href=\"#\" > Mehr Infos <\/a>\n<img loading=\"lazy\" decoding=\"async\" src=\"https:\/\/rootz-gartenbau.at\/wp-content\/uploads\/2023\/11\/rodung-360x270.jpg\" width=\"360\" height=\"270\" title=\"Rodungs- und F\u00e4llarbeiten\" alt=\"Egal, ob Platz f\u00fcr neue Ideen geschaffen werden soll oder Sicherheitsaspekte im Vordergrund stehen, unsere Fachkr\u00e4fte sorgen f\u00fcr eine fachgerechte und sichere Durchf\u00fchrung.\" srcset=\"https:\/\/rootz-gartenbau.at\/wp-content\/uploads\/2023\/11\/rodung-360x270.jpg 360w, https:\/\/rootz-gartenbau.at\/wp-content\/uploads\/2023\/11\/rodung-300x225.jpg 300w, https:\/\/rootz-gartenbau.at\/wp-content\/uploads\/2023\/11\/rodung.jpg 400w\" sizes=\"auto, (max-width: 360px) 100vw, 360px\" \/> <h3> Rodungs- und F\u00e4llarbeiten <\/h3> Egal, ob Platz f\u00fcr neue Ideen geschaffen werden soll oder Sicherheitsaspekte im Vordergrund stehen, unsere Fachkr\u00e4fte sorgen f\u00fcr eine fachgerechte und sichere Durchf\u00fchrung.\n<a href=\"#\" > Mehr Infos <\/a>\n<img loading=\"lazy\" decoding=\"async\" src=\"https:\/\/rootz-gartenbau.at\/wp-content\/uploads\/2023\/11\/pflege-360x270.jpg\" width=\"360\" height=\"270\" title=\"Professionelle Gartenpflege\" alt=\"Damit deine Gr\u00fcnanlage dauerhaft erbl\u00fcht, k\u00fcmmern wir uns um die sorgf\u00e4ltige Pflege deiner gesamten Gartenanlage.\" srcset=\"https:\/\/rootz-gartenbau.at\/wp-content\/uploads\/2023\/11\/pflege-360x270.jpg 360w, https:\/\/rootz-gartenbau.at\/wp-content\/uploads\/2023\/11\/pflege-300x225.jpg 300w, https:\/\/rootz-gartenbau.at\/wp-content\/uploads\/2023\/11\/pflege.jpg 400w\" sizes=\"auto, (max-width: 360px) 100vw, 360px\" \/> <h3> Professionelle Gartenpflege <\/h3> Damit deine Gr\u00fcnanlage dauerhaft erbl\u00fcht, k\u00fcmmern wir uns um die sorgf\u00e4ltige Pflege deiner gesamten Gartenanlage.\n<a href=\"#\" > Mehr Infos <\/a>\n<img loading=\"lazy\" decoding=\"async\" src=\"https:\/\/rootz-gartenbau.at\/wp-content\/uploads\/2023\/11\/hochbeet-360x270.jpg\" width=\"360\" height=\"270\" title=\"Hochbeete\" alt=\"Egal, ob Platz f\u00fcr neue Ideen geschaffen werden soll oder Sicherheitsaspekte im Vordergrund stehen, unsere Fachkr\u00e4fte sorgen f\u00fcr eine fachgerechte und sichere Durchf\u00fchrung.\" srcset=\"https:\/\/rootz-gartenbau.at\/wp-content\/uploads\/2023\/11\/hochbeet-360x270.jpg 360w, https:\/\/rootz-gartenbau.at\/wp-content\/uploads\/2023\/11\/hochbeet-300x225.jpg 300w, https:\/\/rootz-gartenbau.at\/wp-content\/uploads\/2023\/11\/hochbeet.jpg 400w\" sizes=\"auto, (max-width: 360px) 100vw, 360px\" \/> <h3> Hochbeete <\/h3> Egal, ob Platz f\u00fcr neue Ideen geschaffen werden soll oder Sicherheitsaspekte im Vordergrund stehen, unsere Fachkr\u00e4fte sorgen f\u00fcr eine fachgerechte und sichere Durchf\u00fchrung.\n<a href=\"#\" > Mehr Infos <\/a>\n<img loading=\"lazy\" decoding=\"async\" src=\"https:\/\/rootz-gartenbau.at\/wp-content\/uploads\/2023\/11\/jungbaum-360x270.jpg\" width=\"360\" height=\"270\" title=\"Jungbaumpflege\" alt=\"Junge B\u00e4ume ben\u00f6tigen besondere Aufmerksamkeit um zu stattlichen Schattenspendern heranwachsen zu k\u00f6nnen.\" srcset=\"https:\/\/rootz-gartenbau.at\/wp-content\/uploads\/2023\/11\/jungbaum-360x270.jpg 360w, https:\/\/rootz-gartenbau.at\/wp-content\/uploads\/2023\/11\/jungbaum-300x225.jpg 300w, https:\/\/rootz-gartenbau.at\/wp-content\/uploads\/2023\/11\/jungbaum.jpg 400w\" sizes=\"auto, (max-width: 360px) 100vw, 360px\" \/> <h3> Jungbaumpflege <\/h3> Junge B\u00e4ume ben\u00f6tigen besondere Aufmerksamkeit um zu stattlichen Schattenspendern heranwachsen zu k\u00f6nnen.\n<a href=\"#\" > Mehr Infos <\/a>\n<img loading=\"lazy\" decoding=\"async\" src=\"https:\/\/rootz-gartenbau.at\/wp-content\/uploads\/2023\/12\/baggerHP-360x270.jpg\" width=\"360\" height=\"270\" title=\"Baggerarbeiten\" alt=\"Manchmal braucht man mehr als einen gr\u00fcnen Daumen. Unsere Baggerarbeiten erm\u00f6glichen es uns, auch komplexe Projekte zu realisieren und deinem Garten eine ganz besondere Struktur zu verleihen.\" srcset=\"https:\/\/rootz-gartenbau.at\/wp-content\/uploads\/2023\/12\/baggerHP-360x270.jpg 360w, https:\/\/rootz-gartenbau.at\/wp-content\/uploads\/2023\/12\/baggerHP-300x225.jpg 300w, https:\/\/rootz-gartenbau.at\/wp-content\/uploads\/2023\/12\/baggerHP-768x576.jpg 768w, https:\/\/rootz-gartenbau.at\/wp-content\/uploads\/2023\/12\/baggerHP.jpg 1024w\" sizes=\"auto, (max-width: 360px) 100vw, 360px\" \/> <h3> Baggerarbeiten <\/h3> Manchmal braucht man mehr als einen gr\u00fcnen Daumen. Unsere Baggerarbeiten erm\u00f6glichen es uns, auch komplexe Projekte zu realisieren und deinem Garten eine ganz besondere Struktur zu verleihen.\n<a href=\"#\" > Mehr Infos <\/a>\n<p>Und vieles mehr! Unsere Palette an Services l\u00e4sst keine gr\u00fcnen Tr\u00e4ume offen. \ud83d\ude09<\/p>\n<img loading=\"lazy\" decoding=\"async\" width=\"120\" height=\"120\" src=\"https:\/\/rootz-gartenbau.at\/wp-content\/uploads\/2023\/11\/meister_transp.png\" title=\"Meisterbetrieb\" alt=\"Meisterbetrieb\">\n<h2>Kontaktiere uns<\/h2> <p>Nutze unser Kontaktformular und stelle jetzt eine unverbindliche Anfrage!<\/p>\n<form action=\"https:\/\/rootz-gartenbau.at\/wp-admin\/admin-ajax.php\" class=\"builder-contact\" id=\"tb_j2ru300-form\" method=\"post\" data-post-id=\"0\" data-element-id=\"j2ru300\" data-orig-id=\"\" > <label for=\"tb_j2ru300-contact-name\">Name *<\/label> <input type=\"text\" name=\"contact-name\" id=\"tb_j2ru300-contact-name\" value=\"\" required\/> Name * <label for=\"tb_j2ru300-contact-email\">Email *<\/label> <input type=\"text\" name=\"contact-email\" id=\"tb_j2ru300-contact-email\" value=\"\" required\/> Email * <label for=\"tb_j2ru300-contact-subject\">Subject *<\/label> <input type=\"text\" name=\"contact-subject\" id=\"tb_j2ru300-contact-subject\" value=\"\" required\/> Subject * <label for=\"tb_j2ru300-contact-message\">Message *<\/label> <textarea name=\"contact-message\" id=\"tb_j2ru300-contact-message\" rows=\"8\" cols=\"45\" required><\/textarea> Message * <button type=\"submit\"> Send<\/button> <\/form><!--\/themify_builder_static-->","protected":false},"excerpt":{"rendered":"<p>Erlebe deinen Traumgarten Ma\u00dfgeschneidert aus professioneller Hand Du m\u00f6chtest deinen Garten in ein gr\u00fcnes Paradies verwandeln? Wir von rootz Gartenbau sind Experten in der Gestaltung einzigartiger G\u00e4rten, die deine Vorstellungen perfekt widerspiegeln. Warum wir? Mit Jahrzehnten an Erfahrung in der Gr\u00fcnanlagengestaltung sind wir die idealen Partner, um selbst die au\u00dfergew\u00f6hnlichsten Ideen Wirklichkeit werden zu lassen. [&hellip;]<\/p>\n","protected":false},"author":1,"featured_media":0,"parent":0,"menu_order":0,"comment_status":"closed","ping_status":"closed","template":"","meta":{"footnotes":""},"class_list":["post-11","page","type-page","status-publish","hentry","has-post-title","has-post-date","has-post-category","has-post-tag","has-post-comment","has-post-author",""],"yoast_head":"<!-- This site is optimized with the Yoast SEO plugin v21.5 - https:\/\/yoast.com\/wordpress\/plugins\/seo\/ -->\n<title>Home - Rootz Gartenbau<\/title>\n<meta name=\"robots\" content=\"index, follow, max-snippet:-1, max-image-preview:large, max-video-preview:-1\" \/>\n<link rel=\"canonical\" href=\"https:\/\/rootz-gartenbau.at\/\" \/>\n<meta property=\"og:locale\" content=\"de_DE\" \/>\n<meta property=\"og:type\" content=\"article\" \/>\n<meta property=\"og:title\" content=\"Home - Rootz Gartenbau\" \/>\n<meta property=\"og:description\" content=\"Erlebe deinen Traumgarten Ma\u00dfgeschneidert aus professioneller Hand Du m\u00f6chtest deinen Garten in ein gr\u00fcnes Paradies verwandeln? Wir von rootz Gartenbau sind Experten in der Gestaltung einzigartiger G\u00e4rten, die deine Vorstellungen perfekt widerspiegeln. Warum wir? Mit Jahrzehnten an Erfahrung in der Gr\u00fcnanlagengestaltung sind wir die idealen Partner, um selbst die au\u00dfergew\u00f6hnlichsten Ideen Wirklichkeit werden zu lassen. [&hellip;]\" \/>\n<meta property=\"og:url\" content=\"https:\/\/rootz-gartenbau.at\/\" \/>\n<meta property=\"og:site_name\" content=\"Rootz Gartenbau\" \/>\n<meta property=\"article:modified_time\" content=\"2023-12-01T15:47:06+00:00\" \/>\n<meta property=\"og:image\" content=\"https:\/\/rootz-gartenbau.at\/wp-content\/uploads\/2023\/11\/Design-ohne-Titel-6-600x680.jpg\" \/>\n<meta name=\"twitter:card\" content=\"summary_large_image\" \/>\n<meta name=\"twitter:label1\" content=\"Gesch\u00e4tzte Lesezeit\" \/>\n\t<meta name=\"twitter:data1\" content=\"1 Minute\" \/>\n<script type=\"application\/ld+json\" class=\"yoast-schema-graph\">{\"@context\":\"https:\/\/schema.org\",\"@graph\":[{\"@type\":\"WebPage\",\"@id\":\"https:\/\/rootz-gartenbau.at\/\",\"url\":\"https:\/\/rootz-gartenbau.at\/\",\"name\":\"Home - Rootz Gartenbau\",\"isPartOf\":{\"@id\":\"https:\/\/rootz-gartenbau.at\/#website\"},\"datePublished\":\"2020-01-09T04:23:02+00:00\",\"dateModified\":\"2023-12-01T15:47:06+00:00\",\"breadcrumb\":{\"@id\":\"https:\/\/rootz-gartenbau.at\/#breadcrumb\"},\"inLanguage\":\"de-AT\",\"potentialAction\":[{\"@type\":\"ReadAction\",\"target\":[\"https:\/\/rootz-gartenbau.at\/\"]}]},{\"@type\":\"BreadcrumbList\",\"@id\":\"https:\/\/rootz-gartenbau.at\/#breadcrumb\",\"itemListElement\":[{\"@type\":\"ListItem\",\"position\":1,\"name\":\"Startseite\",\"item\":\"https:\/\/rootz-gartenbau.at\/\"},{\"@type\":\"ListItem\",\"position\":2,\"name\":\"Home\"}]},{\"@type\":\"WebSite\",\"@id\":\"https:\/\/rootz-gartenbau.at\/#website\",\"url\":\"https:\/\/rootz-gartenbau.at\/\",\"name\":\"Rootz Gartenbau\",\"description\":\"\",\"potentialAction\":[{\"@type\":\"SearchAction\",\"target\":{\"@type\":\"EntryPoint\",\"urlTemplate\":\"https:\/\/rootz-gartenbau.at\/?s={search_term_string}\"},\"query-input\":\"required name=search_term_string\"}],\"inLanguage\":\"de-AT\"}]}<\/script>\n<!-- \/ Yoast SEO plugin. -->","yoast_head_json":{"title":"Home - Rootz Gartenbau","robots":{"index":"index","follow":"follow","max-snippet":"max-snippet:-1","max-image-preview":"max-image-preview:large","max-video-preview":"max-video-preview:-1"},"canonical":"https:\/\/rootz-gartenbau.at\/","og_locale":"de_DE","og_type":"article","og_title":"Home - Rootz Gartenbau","og_description":"Erlebe deinen Traumgarten Ma\u00dfgeschneidert aus professioneller Hand Du m\u00f6chtest deinen Garten in ein gr\u00fcnes Paradies verwandeln? Wir von rootz Gartenbau sind Experten in der Gestaltung einzigartiger G\u00e4rten, die deine Vorstellungen perfekt widerspiegeln. Warum wir? Mit Jahrzehnten an Erfahrung in der Gr\u00fcnanlagengestaltung sind wir die idealen Partner, um selbst die au\u00dfergew\u00f6hnlichsten Ideen Wirklichkeit werden zu lassen. [&hellip;]","og_url":"https:\/\/rootz-gartenbau.at\/","og_site_name":"Rootz Gartenbau","article_modified_time":"2023-12-01T15:47:06+00:00","og_image":[{"url":"https:\/\/rootz-gartenbau.at\/wp-content\/uploads\/2023\/11\/Design-ohne-Titel-6-600x680.jpg"}],"twitter_card":"summary_large_image","twitter_misc":{"Gesch\u00e4tzte Lesezeit":"1 Minute"},"schema":{"@context":"https:\/\/schema.org","@graph":[{"@type":"WebPage","@id":"https:\/\/rootz-gartenbau.at\/","url":"https:\/\/rootz-gartenbau.at\/","name":"Home - Rootz Gartenbau","isPartOf":{"@id":"https:\/\/rootz-gartenbau.at\/#website"},"datePublished":"2020-01-09T04:23:02+00:00","dateModified":"2023-12-01T15:47:06+00:00","breadcrumb":{"@id":"https:\/\/rootz-gartenbau.at\/#breadcrumb"},"inLanguage":"de-AT","potentialAction":[{"@type":"ReadAction","target":["https:\/\/rootz-gartenbau.at\/"]}]},{"@type":"BreadcrumbList","@id":"https:\/\/rootz-gartenbau.at\/#breadcrumb","itemListElement":[{"@type":"ListItem","position":1,"name":"Startseite","item":"https:\/\/rootz-gartenbau.at\/"},{"@type":"ListItem","position":2,"name":"Home"}]},{"@type":"WebSite","@id":"https:\/\/rootz-gartenbau.at\/#website","url":"https:\/\/rootz-gartenbau.at\/","name":"Rootz Gartenbau","description":"","potentialAction":[{"@type":"SearchAction","target":{"@type":"EntryPoint","urlTemplate":"https:\/\/rootz-gartenbau.at\/?s={search_term_string}"},"query-input":"required name=search_term_string"}],"inLanguage":"de-AT"}]}},"builder_content":"<h1>Erlebe deinen Traumgarten<\/h1>\n<h3>Ma\u00dfgeschneidert aus professioneller Hand<\/h3>\n<img loading=\"lazy\" decoding=\"async\" src=\"https:\/\/rootz-gartenbau.at\/wp-content\/uploads\/2023\/11\/Design-ohne-Titel-6-600x680.jpg\" width=\"600\" height=\"680\" title=\"Design ohne Titel (6)\" alt=\"Design ohne Titel (6)\" srcset=\"https:\/\/rootz-gartenbau.at\/wp-content\/uploads\/2023\/11\/Design-ohne-Titel-6-600x680.jpg 600w, https:\/\/rootz-gartenbau.at\/wp-content\/uploads\/2023\/11\/Design-ohne-Titel-6-265x300.jpg 265w, https:\/\/rootz-gartenbau.at\/wp-content\/uploads\/2023\/11\/Design-ohne-Titel-6.jpg 750w\" sizes=\"auto, (max-width: 600px) 100vw, 600px\" \/>\n\n<p>Du m\u00f6chtest deinen Garten in ein gr\u00fcnes Paradies verwandeln? Wir von rootz Gartenbau sind Experten in der Gestaltung einzigartiger G\u00e4rten, die deine Vorstellungen perfekt widerspiegeln.<\/p> <p><strong>Warum wir?<\/strong><\/p> <p>Mit Jahrzehnten an Erfahrung in der Gr\u00fcnanlagengestaltung sind wir die idealen Partner, um selbst die au\u00dfergew\u00f6hnlichsten Ideen Wirklichkeit werden zu lassen. Unser Team aus Fachleuten liebt es, kreative L\u00f6sungen zu entwickeln, die deinen Garten zu einem wahren Kunstwerk machen.<\/p>\n<img loading=\"lazy\" decoding=\"async\" src=\"https:\/\/rootz-gartenbau.at\/wp-content\/uploads\/2023\/11\/neugestaltung-360x270.jpg\" width=\"360\" height=\"270\" title=\"Ma\u00dfgeschneiderte Neugestaltung\" alt=\"Egal, ob du einen kleinen Garten oder eine gro\u00dffl\u00e4chige Gr\u00fcnanlage hast, wir gestalten sie nach deinen individuellen Ideen.\" srcset=\"https:\/\/rootz-gartenbau.at\/wp-content\/uploads\/2023\/11\/neugestaltung-360x270.jpg 360w, https:\/\/rootz-gartenbau.at\/wp-content\/uploads\/2023\/11\/neugestaltung-300x225.jpg 300w, https:\/\/rootz-gartenbau.at\/wp-content\/uploads\/2023\/11\/neugestaltung.jpg 400w\" sizes=\"auto, (max-width: 360px) 100vw, 360px\" \/> <h3> Ma\u00dfgeschneiderte Neugestaltung <\/h3> Egal, ob du einen kleinen Garten oder eine gro\u00dffl\u00e4chige Gr\u00fcnanlage hast, wir gestalten sie nach deinen individuellen Ideen.\n<a href=\"#\" > Mehr Infos <\/a>\n<img loading=\"lazy\" decoding=\"async\" src=\"https:\/\/rootz-gartenbau.at\/wp-content\/uploads\/2023\/11\/rodung-360x270.jpg\" width=\"360\" height=\"270\" title=\"Rodungs- und F\u00e4llarbeiten\" alt=\"Egal, ob Platz f\u00fcr neue Ideen geschaffen werden soll oder Sicherheitsaspekte im Vordergrund stehen, unsere Fachkr\u00e4fte sorgen f\u00fcr eine fachgerechte und sichere Durchf\u00fchrung.\" srcset=\"https:\/\/rootz-gartenbau.at\/wp-content\/uploads\/2023\/11\/rodung-360x270.jpg 360w, https:\/\/rootz-gartenbau.at\/wp-content\/uploads\/2023\/11\/rodung-300x225.jpg 300w, https:\/\/rootz-gartenbau.at\/wp-content\/uploads\/2023\/11\/rodung.jpg 400w\" sizes=\"auto, (max-width: 360px) 100vw, 360px\" \/> <h3> Rodungs- und F\u00e4llarbeiten <\/h3> Egal, ob Platz f\u00fcr neue Ideen geschaffen werden soll oder Sicherheitsaspekte im Vordergrund stehen, unsere Fachkr\u00e4fte sorgen f\u00fcr eine fachgerechte und sichere Durchf\u00fchrung.\n<a href=\"#\" > Mehr Infos <\/a>\n<img loading=\"lazy\" decoding=\"async\" src=\"https:\/\/rootz-gartenbau.at\/wp-content\/uploads\/2023\/11\/pflege-360x270.jpg\" width=\"360\" height=\"270\" title=\"Professionelle Gartenpflege\" alt=\"Damit deine Gr\u00fcnanlage dauerhaft erbl\u00fcht, k\u00fcmmern wir uns um die sorgf\u00e4ltige Pflege deiner gesamten Gartenanlage.\" srcset=\"https:\/\/rootz-gartenbau.at\/wp-content\/uploads\/2023\/11\/pflege-360x270.jpg 360w, https:\/\/rootz-gartenbau.at\/wp-content\/uploads\/2023\/11\/pflege-300x225.jpg 300w, https:\/\/rootz-gartenbau.at\/wp-content\/uploads\/2023\/11\/pflege.jpg 400w\" sizes=\"auto, (max-width: 360px) 100vw, 360px\" \/> <h3> Professionelle Gartenpflege <\/h3> Damit deine Gr\u00fcnanlage dauerhaft erbl\u00fcht, k\u00fcmmern wir uns um die sorgf\u00e4ltige Pflege deiner gesamten Gartenanlage.\n<a href=\"#\" > Mehr Infos <\/a>\n<img loading=\"lazy\" decoding=\"async\" src=\"https:\/\/rootz-gartenbau.at\/wp-content\/uploads\/2023\/11\/hochbeet-360x270.jpg\" width=\"360\" height=\"270\" title=\"Hochbeete\" alt=\"Egal, ob Platz f\u00fcr neue Ideen geschaffen werden soll oder Sicherheitsaspekte im Vordergrund stehen, unsere Fachkr\u00e4fte sorgen f\u00fcr eine fachgerechte und sichere Durchf\u00fchrung.\" srcset=\"https:\/\/rootz-gartenbau.at\/wp-content\/uploads\/2023\/11\/hochbeet-360x270.jpg 360w, https:\/\/rootz-gartenbau.at\/wp-content\/uploads\/2023\/11\/hochbeet-300x225.jpg 300w, https:\/\/rootz-gartenbau.at\/wp-content\/uploads\/2023\/11\/hochbeet.jpg 400w\" sizes=\"auto, (max-width: 360px) 100vw, 360px\" \/> <h3> Hochbeete <\/h3> Egal, ob Platz f\u00fcr neue Ideen geschaffen werden soll oder Sicherheitsaspekte im Vordergrund stehen, unsere Fachkr\u00e4fte sorgen f\u00fcr eine fachgerechte und sichere Durchf\u00fchrung.\n<a href=\"#\" > Mehr Infos <\/a>\n<img loading=\"lazy\" decoding=\"async\" src=\"https:\/\/rootz-gartenbau.at\/wp-content\/uploads\/2023\/11\/jungbaum-360x270.jpg\" width=\"360\" height=\"270\" title=\"Jungbaumpflege\" alt=\"Junge B\u00e4ume ben\u00f6tigen besondere Aufmerksamkeit um zu stattlichen Schattenspendern heranwachsen zu k\u00f6nnen.\" srcset=\"https:\/\/rootz-gartenbau.at\/wp-content\/uploads\/2023\/11\/jungbaum-360x270.jpg 360w, https:\/\/rootz-gartenbau.at\/wp-content\/uploads\/2023\/11\/jungbaum-300x225.jpg 300w, https:\/\/rootz-gartenbau.at\/wp-content\/uploads\/2023\/11\/jungbaum.jpg 400w\" sizes=\"auto, (max-width: 360px) 100vw, 360px\" \/> <h3> Jungbaumpflege <\/h3> Junge B\u00e4ume ben\u00f6tigen besondere Aufmerksamkeit um zu stattlichen Schattenspendern heranwachsen zu k\u00f6nnen.\n<a href=\"#\" > Mehr Infos <\/a>\n<img loading=\"lazy\" decoding=\"async\" src=\"https:\/\/rootz-gartenbau.at\/wp-content\/uploads\/2023\/12\/baggerHP-360x270.jpg\" width=\"360\" height=\"270\" title=\"Baggerarbeiten\" alt=\"Manchmal braucht man mehr als einen gr\u00fcnen Daumen. Unsere Baggerarbeiten erm\u00f6glichen es uns, auch komplexe Projekte zu realisieren und deinem Garten eine ganz besondere Struktur zu verleihen.\" srcset=\"https:\/\/rootz-gartenbau.at\/wp-content\/uploads\/2023\/12\/baggerHP-360x270.jpg 360w, https:\/\/rootz-gartenbau.at\/wp-content\/uploads\/2023\/12\/baggerHP-300x225.jpg 300w, https:\/\/rootz-gartenbau.at\/wp-content\/uploads\/2023\/12\/baggerHP-768x576.jpg 768w, https:\/\/rootz-gartenbau.at\/wp-content\/uploads\/2023\/12\/baggerHP.jpg 1024w\" sizes=\"auto, (max-width: 360px) 100vw, 360px\" \/> <h3> Baggerarbeiten <\/h3> Manchmal braucht man mehr als einen gr\u00fcnen Daumen. Unsere Baggerarbeiten erm\u00f6glichen es uns, auch komplexe Projekte zu realisieren und deinem Garten eine ganz besondere Struktur zu verleihen.\n<a href=\"#\" > Mehr Infos <\/a>\n<p>Und vieles mehr! Unsere Palette an Services l\u00e4sst keine gr\u00fcnen Tr\u00e4ume offen. \ud83d\ude09<\/p>\n<img loading=\"lazy\" decoding=\"async\" width=\"120\" height=\"120\" src=\"https:\/\/rootz-gartenbau.at\/wp-content\/uploads\/2023\/11\/meister_transp.png\" title=\"Meisterbetrieb\" alt=\"Meisterbetrieb\">\n<h2>Kontaktiere uns<\/h2> <p>Nutze unser Kontaktformular und stelle jetzt eine unverbindliche Anfrage!<\/p>","_links":{"self":[{"href":"https:\/\/rootz-gartenbau.at\/index.php?rest_route=\/wp\/v2\/pages\/11","targetHints":{"allow":["GET"]}}],"collection":[{"href":"https:\/\/rootz-gartenbau.at\/index.php?rest_route=\/wp\/v2\/pages"}],"about":[{"href":"https:\/\/rootz-gartenbau.at\/index.php?rest_route=\/wp\/v2\/types\/page"}],"author":[{"embeddable":true,"href":"https:\/\/rootz-gartenbau.at\/index.php?rest_route=\/wp\/v2\/users\/1"}],"replies":[{"embeddable":true,"href":"https:\/\/rootz-gartenbau.at\/index.php?rest_route=%2Fwp%2Fv2%2Fcomments&post=11"}],"version-history":[{"count":110,"href":"https:\/\/rootz-gartenbau.at\/index.php?rest_route=\/wp\/v2\/pages\/11\/revisions"}],"predecessor-version":[{"id":190,"href":"https:\/\/rootz-gartenbau.at\/index.php?rest_route=\/wp\/v2\/pages\/11\/revisions\/190"}],"wp:attachment":[{"href":"https:\/\/rootz-gartenbau.at\/index.php?rest_route=%2Fwp%2Fv2%2Fmedia&parent=11"}],"curies":[{"name":"wp","href":"https:\/\/api.w.org\/{rel}","templated":true}]}}